{"id":1017,"date":"2024-08-24T00:23:06","date_gmt":"2024-08-24T00:23:06","guid":{"rendered":"https:\/\/traktolamp.com\/?post_type=product&#038;p=1017"},"modified":"2024-08-24T00:25:27","modified_gmt":"2024-08-24T00:25:27","slug":"luz-rectangular-lateral-12-led-doble-intensidad-8073-12-24","status":"publish","type":"product","link":"https:\/\/traktolamp.com\/en\/producto\/luz-rectangular-lateral-12-led-doble-intensidad-8073-12-24\/","title":{"rendered":"Luz Rectangular Lateral 12 LED, Doble Intensidad. 8073 12\/24"},"content":{"rendered":"<p><strong>8073R <\/strong>(ROJA) y <strong>8073A <\/strong>(AMBAR).<\/p>\n","protected":false},"excerpt":{"rendered":"<p><strong>Material: <\/strong>Base de ABS de alto impacto blanco. Lente Acr\u00edlico rojo \u00f3 \u00e1mbar.<strong>\u00a0<\/strong><br \/><strong>Funci\u00f3n: <\/strong>Luz delimitadora de espacio.<\/p>\n","protected":false},"featured_media":1021,"comment_status":"closed","ping_status":"closed","template":"","meta":[],"product_brand":[],"product_cat":[19],"product_tag":[],"class_list":{"0":"post-1017","1":"product","2":"type-product","3":"status-publish","4":"has-post-thumbnail","6":"product_cat-delimitadoras-de-espacio","8":"first","9":"onbackorder","10":"shipping-taxable","11":"product-type-simple"},"_links":{"self":[{"href":"https:\/\/traktolamp.com\/en\/wp-json\/wp\/v2\/product\/1017","targetHints":{"allow":["GET"]}}],"collection":[{"href":"https:\/\/traktolamp.com\/en\/wp-json\/wp\/v2\/product"}],"about":[{"href":"https:\/\/traktolamp.com\/en\/wp-json\/wp\/v2\/types\/product"}],"replies":[{"embeddable":true,"href":"https:\/\/traktolamp.com\/en\/wp-json\/wp\/v2\/comments?post=1017"}],"wp:featuredmedia":[{"embeddable":true,"href":"https:\/\/traktolamp.com\/en\/wp-json\/wp\/v2\/media\/1021"}],"wp:attachment":[{"href":"https:\/\/traktolamp.com\/en\/wp-json\/wp\/v2\/media?parent=1017"}],"wp:term":[{"taxonomy":"product_brand","embeddable":true,"href":"https:\/\/traktolamp.com\/en\/wp-json\/wp\/v2\/product_brand?post=1017"},{"taxonomy":"product_cat","embeddable":true,"href":"https:\/\/traktolamp.com\/en\/wp-json\/wp\/v2\/product_cat?post=1017"},{"taxonomy":"product_tag","embeddable":true,"href":"https:\/\/traktolamp.com\/en\/wp-json\/wp\/v2\/product_tag?post=1017"}],"curies":[{"name":"wp","href":"https:\/\/api.w.org\/{rel}","templated":true}]}}