{"id":1033,"date":"2024-08-24T00:30:36","date_gmt":"2024-08-24T00:30:36","guid":{"rendered":"https:\/\/traktolamp.com\/?post_type=product&#038;p=1033"},"modified":"2024-08-24T00:32:11","modified_gmt":"2024-08-24T00:32:11","slug":"luz-rectangular-lateral-3-led-rafaga-8013d-12-24","status":"publish","type":"product","link":"https:\/\/traktolamp.com\/en\/producto\/luz-rectangular-lateral-3-led-rafaga-8013d-12-24\/","title":{"rendered":"Luz Rectangular Lateral 3 LED R\u00e1faga. 8013D 12\/24"},"content":{"rendered":"<p><strong>8013DR <\/strong>(ROJA),\u00a0 <strong>8013DA <\/strong>(AMBAR) y <strong>8013DC<\/strong> (CRISTAL).<\/p>\n","protected":false},"excerpt":{"rendered":"<p><strong>Material: <\/strong>Base de ABS de alto impacto gris. Lente Acr\u00edlico rojo \u00f3 \u00e1mbar.\u00a0<br \/><strong>Funci\u00f3n: <\/strong>Luz delimitadora de espacio.<br \/><strong>Conector: 7720<\/strong><\/p>\n","protected":false},"featured_media":1036,"comment_status":"closed","ping_status":"closed","template":"","meta":[],"product_brand":[],"product_cat":[19],"product_tag":[],"class_list":{"0":"post-1033","1":"product","2":"type-product","3":"status-publish","4":"has-post-thumbnail","6":"product_cat-delimitadoras-de-espacio","8":"first","9":"onbackorder","10":"shipping-taxable","11":"product-type-simple"},"_links":{"self":[{"href":"https:\/\/traktolamp.com\/en\/wp-json\/wp\/v2\/product\/1033","targetHints":{"allow":["GET"]}}],"collection":[{"href":"https:\/\/traktolamp.com\/en\/wp-json\/wp\/v2\/product"}],"about":[{"href":"https:\/\/traktolamp.com\/en\/wp-json\/wp\/v2\/types\/product"}],"replies":[{"embeddable":true,"href":"https:\/\/traktolamp.com\/en\/wp-json\/wp\/v2\/comments?post=1033"}],"wp:featuredmedia":[{"embeddable":true,"href":"https:\/\/traktolamp.com\/en\/wp-json\/wp\/v2\/media\/1036"}],"wp:attachment":[{"href":"https:\/\/traktolamp.com\/en\/wp-json\/wp\/v2\/media?parent=1033"}],"wp:term":[{"taxonomy":"product_brand","embeddable":true,"href":"https:\/\/traktolamp.com\/en\/wp-json\/wp\/v2\/product_brand?post=1033"},{"taxonomy":"product_cat","embeddable":true,"href":"https:\/\/traktolamp.com\/en\/wp-json\/wp\/v2\/product_cat?post=1033"},{"taxonomy":"product_tag","embeddable":true,"href":"https:\/\/traktolamp.com\/en\/wp-json\/wp\/v2\/product_tag?post=1033"}],"curies":[{"name":"wp","href":"https:\/\/api.w.org\/{rel}","templated":true}]}}