{"id":1039,"date":"2024-08-24T00:32:35","date_gmt":"2024-08-24T00:32:35","guid":{"rendered":"https:\/\/traktolamp.com\/?post_type=product&#038;p=1039"},"modified":"2024-08-24T00:34:14","modified_gmt":"2024-08-24T00:34:14","slug":"luz-rectangular-lateral-4-led-lente-c-opticos-8013op-12-24","status":"publish","type":"product","link":"https:\/\/traktolamp.com\/en\/producto\/luz-rectangular-lateral-4-led-lente-c-opticos-8013op-12-24\/","title":{"rendered":"Luz Rectangular Lateral 4 LED, Lente c\/\u00d3pticos. 8013OP 12\/24"},"content":{"rendered":"<p><strong>8013OPR <\/strong>(ROJA),\u00a0 <strong>8013OPA <\/strong>(AMBAR) y <strong>8013OPC<\/strong> (CRISTAL).<\/p>\n","protected":false},"excerpt":{"rendered":"<p><strong>Material: <\/strong>Base de ABS de alto impacto gris. Lente Acr\u00edlico rojo \u00f3 \u00e1mbar.\u00a0<br \/><strong>Funci\u00f3n: <\/strong>Luz delimitadora de espacio.<br \/><strong>Conector: 7720<\/strong><\/p>\n","protected":false},"featured_media":1042,"comment_status":"closed","ping_status":"closed","template":"","meta":[],"product_brand":[],"product_cat":[19],"product_tag":[],"class_list":{"0":"post-1039","1":"product","2":"type-product","3":"status-publish","4":"has-post-thumbnail","6":"product_cat-delimitadoras-de-espacio","8":"first","9":"onbackorder","10":"shipping-taxable","11":"product-type-simple"},"_links":{"self":[{"href":"https:\/\/traktolamp.com\/en\/wp-json\/wp\/v2\/product\/1039","targetHints":{"allow":["GET"]}}],"collection":[{"href":"https:\/\/traktolamp.com\/en\/wp-json\/wp\/v2\/product"}],"about":[{"href":"https:\/\/traktolamp.com\/en\/wp-json\/wp\/v2\/types\/product"}],"replies":[{"embeddable":true,"href":"https:\/\/traktolamp.com\/en\/wp-json\/wp\/v2\/comments?post=1039"}],"wp:featuredmedia":[{"embeddable":true,"href":"https:\/\/traktolamp.com\/en\/wp-json\/wp\/v2\/media\/1042"}],"wp:attachment":[{"href":"https:\/\/traktolamp.com\/en\/wp-json\/wp\/v2\/media?parent=1039"}],"wp:term":[{"taxonomy":"product_brand","embeddable":true,"href":"https:\/\/traktolamp.com\/en\/wp-json\/wp\/v2\/product_brand?post=1039"},{"taxonomy":"product_cat","embeddable":true,"href":"https:\/\/traktolamp.com\/en\/wp-json\/wp\/v2\/product_cat?post=1039"},{"taxonomy":"product_tag","embeddable":true,"href":"https:\/\/traktolamp.com\/en\/wp-json\/wp\/v2\/product_tag?post=1039"}],"curies":[{"name":"wp","href":"https:\/\/api.w.org\/{rel}","templated":true}]}}