{"id":1103,"date":"2024-08-26T17:02:29","date_gmt":"2024-08-26T17:02:29","guid":{"rendered":"https:\/\/traktolamp.com\/?post_type=product&#038;p=1103"},"modified":"2024-08-26T17:03:47","modified_gmt":"2024-08-26T17:03:47","slug":"luz-rectangular-con-reflejante-2319-12v","status":"publish","type":"product","link":"https:\/\/traktolamp.com\/en\/producto\/luz-rectangular-con-reflejante-2319-12v\/","title":{"rendered":"Luz Rectangular, con Reflejante.  2319 12V"},"content":{"rendered":"<p><strong>2319R <\/strong>(ROJA), <strong>2319A <\/strong>(AMBAR) y <strong>2319C<\/strong> (CRISTAL).<\/p>\n","protected":false},"excerpt":{"rendered":"<p><strong>Material: <\/strong>Base de ABS de alto impacto blanco. Lente Acr\u00edlico rojo \u00e1mbar \u00f3 cristal.\u00a0<br \/><strong>Fuente de luz: <\/strong>Foco.<br \/><strong>Funci\u00f3n: <\/strong>Luz delimitadora de espacio.<br \/>Conector: <strong>7790<\/strong><\/p>\n","protected":false},"featured_media":1107,"comment_status":"closed","ping_status":"closed","template":"","meta":[],"product_brand":[],"product_cat":[19],"product_tag":[],"class_list":{"0":"post-1103","1":"product","2":"type-product","3":"status-publish","4":"has-post-thumbnail","6":"product_cat-delimitadoras-de-espacio","8":"first","9":"onbackorder","10":"shipping-taxable","11":"product-type-simple"},"_links":{"self":[{"href":"https:\/\/traktolamp.com\/en\/wp-json\/wp\/v2\/product\/1103","targetHints":{"allow":["GET"]}}],"collection":[{"href":"https:\/\/traktolamp.com\/en\/wp-json\/wp\/v2\/product"}],"about":[{"href":"https:\/\/traktolamp.com\/en\/wp-json\/wp\/v2\/types\/product"}],"replies":[{"embeddable":true,"href":"https:\/\/traktolamp.com\/en\/wp-json\/wp\/v2\/comments?post=1103"}],"wp:featuredmedia":[{"embeddable":true,"href":"https:\/\/traktolamp.com\/en\/wp-json\/wp\/v2\/media\/1107"}],"wp:attachment":[{"href":"https:\/\/traktolamp.com\/en\/wp-json\/wp\/v2\/media?parent=1103"}],"wp:term":[{"taxonomy":"product_brand","embeddable":true,"href":"https:\/\/traktolamp.com\/en\/wp-json\/wp\/v2\/product_brand?post=1103"},{"taxonomy":"product_cat","embeddable":true,"href":"https:\/\/traktolamp.com\/en\/wp-json\/wp\/v2\/product_cat?post=1103"},{"taxonomy":"product_tag","embeddable":true,"href":"https:\/\/traktolamp.com\/en\/wp-json\/wp\/v2\/product_tag?post=1103"}],"curies":[{"name":"wp","href":"https:\/\/api.w.org\/{rel}","templated":true}]}}