{"id":1122,"date":"2024-08-26T17:11:47","date_gmt":"2024-08-26T17:11:47","guid":{"rendered":"https:\/\/traktolamp.com\/?post_type=product&#038;p=1122"},"modified":"2024-08-26T17:13:10","modified_gmt":"2024-08-26T17:13:10","slug":"luz-de-toldo-delimitadora-rectangular-2308-12v","status":"publish","type":"product","link":"https:\/\/traktolamp.com\/en\/producto\/luz-de-toldo-delimitadora-rectangular-2308-12v\/","title":{"rendered":"Luz de Toldo delimitadora Rectangular. 2308 12V"},"content":{"rendered":"<p><strong>2308R <\/strong>(ROJO), <strong>2308A <\/strong>(AMBAR) y <strong>2308C <\/strong>(CRISTAL).<\/p>\n","protected":false},"excerpt":{"rendered":"<p><strong>Material: <\/strong>Base de ABS de alto impacto gris. Lente Acr\u00edlico rojo, \u00e1mbar \u00f3 cristal.<br \/><strong>Fuente de luz: <\/strong>Foco.<br \/><strong>Funci\u00f3n: <\/strong>Luz delimitadora de espacio.<br \/>Conector: <strong>7720<\/strong><\/p>\n","protected":false},"featured_media":1125,"comment_status":"closed","ping_status":"closed","template":"","meta":[],"product_brand":[],"product_cat":[19],"product_tag":[],"class_list":{"0":"post-1122","1":"product","2":"type-product","3":"status-publish","4":"has-post-thumbnail","6":"product_cat-delimitadoras-de-espacio","8":"first","9":"onbackorder","10":"shipping-taxable","11":"product-type-simple"},"_links":{"self":[{"href":"https:\/\/traktolamp.com\/en\/wp-json\/wp\/v2\/product\/1122","targetHints":{"allow":["GET"]}}],"collection":[{"href":"https:\/\/traktolamp.com\/en\/wp-json\/wp\/v2\/product"}],"about":[{"href":"https:\/\/traktolamp.com\/en\/wp-json\/wp\/v2\/types\/product"}],"replies":[{"embeddable":true,"href":"https:\/\/traktolamp.com\/en\/wp-json\/wp\/v2\/comments?post=1122"}],"wp:featuredmedia":[{"embeddable":true,"href":"https:\/\/traktolamp.com\/en\/wp-json\/wp\/v2\/media\/1125"}],"wp:attachment":[{"href":"https:\/\/traktolamp.com\/en\/wp-json\/wp\/v2\/media?parent=1122"}],"wp:term":[{"taxonomy":"product_brand","embeddable":true,"href":"https:\/\/traktolamp.com\/en\/wp-json\/wp\/v2\/product_brand?post=1122"},{"taxonomy":"product_cat","embeddable":true,"href":"https:\/\/traktolamp.com\/en\/wp-json\/wp\/v2\/product_cat?post=1122"},{"taxonomy":"product_tag","embeddable":true,"href":"https:\/\/traktolamp.com\/en\/wp-json\/wp\/v2\/product_tag?post=1122"}],"curies":[{"name":"wp","href":"https:\/\/api.w.org\/{rel}","templated":true}]}}