{"id":335,"date":"2024-06-25T00:53:09","date_gmt":"2024-06-25T00:53:09","guid":{"rendered":"https:\/\/traktolamp.com\/?post_type=product&#038;p=335"},"modified":"2024-08-16T22:02:55","modified_gmt":"2024-08-16T22:02:55","slug":"luz-redonda-de-4-de-10-led-12-24v-8001","status":"publish","type":"product","link":"https:\/\/traktolamp.com\/en\/producto\/luz-redonda-de-4-de-10-led-12-24v-8001\/","title":{"rendered":"Luz de 4\u201d sellada, 10 LED con Base Plana y Arillo. 8001N 12\/24"},"content":{"rendered":"<p>C\u00d3DIGOS:<\/p>\n<p>8001NR (ROJA), 8001NA (AMBAR) y 8001NC (CRISTAL)<\/p>\n","protected":false},"excerpt":{"rendered":"<p><strong>Material:<\/strong> Base de ABS de alto impacto blanco. Lente Acr\u00edlico rojo, \u00e1mbar \u00f3 cristal.<br \/>Con arillo met\u00e1lico de PVC color negro.<br \/><strong>Funci\u00f3n:<\/strong> Luz de Stop, direccional y circulaci\u00f3n.<br \/>Conector No. <strong>7794<\/strong><\/p>\n","protected":false},"featured_media":420,"comment_status":"closed","ping_status":"closed","template":"","meta":[],"product_brand":[],"product_cat":[18],"product_tag":[],"class_list":{"0":"post-335","1":"product","2":"type-product","3":"status-publish","4":"has-post-thumbnail","6":"product_cat-stop-direccional-y-circulacion","8":"first","9":"onbackorder","10":"shipping-taxable","11":"product-type-simple"},"_links":{"self":[{"href":"https:\/\/traktolamp.com\/en\/wp-json\/wp\/v2\/product\/335","targetHints":{"allow":["GET"]}}],"collection":[{"href":"https:\/\/traktolamp.com\/en\/wp-json\/wp\/v2\/product"}],"about":[{"href":"https:\/\/traktolamp.com\/en\/wp-json\/wp\/v2\/types\/product"}],"replies":[{"embeddable":true,"href":"https:\/\/traktolamp.com\/en\/wp-json\/wp\/v2\/comments?post=335"}],"wp:featuredmedia":[{"embeddable":true,"href":"https:\/\/traktolamp.com\/en\/wp-json\/wp\/v2\/media\/420"}],"wp:attachment":[{"href":"https:\/\/traktolamp.com\/en\/wp-json\/wp\/v2\/media?parent=335"}],"wp:term":[{"taxonomy":"product_brand","embeddable":true,"href":"https:\/\/traktolamp.com\/en\/wp-json\/wp\/v2\/product_brand?post=335"},{"taxonomy":"product_cat","embeddable":true,"href":"https:\/\/traktolamp.com\/en\/wp-json\/wp\/v2\/product_cat?post=335"},{"taxonomy":"product_tag","embeddable":true,"href":"https:\/\/traktolamp.com\/en\/wp-json\/wp\/v2\/product_tag?post=335"}],"curies":[{"name":"wp","href":"https:\/\/api.w.org\/{rel}","templated":true}]}}