{"id":382,"date":"2024-07-30T16:37:14","date_gmt":"2024-07-30T16:37:14","guid":{"rendered":"https:\/\/traktolamp.com\/?post_type=product&#038;p=382"},"modified":"2024-08-16T22:00:58","modified_gmt":"2024-08-16T22:00:58","slug":"lampara-4-20-led-fijos-base-plana-con-embellecedor-y-bisel-negro","status":"publish","type":"product","link":"https:\/\/traktolamp.com\/en\/producto\/lampara-4-20-led-fijos-base-plana-con-embellecedor-y-bisel-negro\/","title":{"rendered":"Luz de 4\u201d sellada, 10 LED con Base Plana y Grommet. 8001 12\/24"},"content":{"rendered":"<p><strong>C\u00d3DIGOS:<\/strong><br \/><strong>8001R <\/strong>(ROJA), <strong>8001A <\/strong>(AMBAR) y <strong>8001C<\/strong> (CRISTAL)<\/p>\n","protected":false},"excerpt":{"rendered":"<p><strong>Material:<\/strong> Base de ABS de alto impacto blanco. Lente Acr\u00edlico rojo, \u00e1mbar \u00f3 cristal.<br \/>Con Grommet de PVC color negro.<br \/><strong>Funci\u00f3n:<\/strong> Luz de Stop, direccional y circulaci\u00f3n.<br \/>Grommet: <strong>7083<\/strong><br \/>Conector No. <strong>7794<\/strong><\/p>\n","protected":false},"featured_media":419,"comment_status":"closed","ping_status":"closed","template":"","meta":[],"product_brand":[],"product_cat":[18],"product_tag":[],"class_list":{"0":"post-382","1":"product","2":"type-product","3":"status-publish","4":"has-post-thumbnail","6":"product_cat-stop-direccional-y-circulacion","8":"first","9":"onbackorder","10":"shipping-taxable","11":"product-type-simple"},"_links":{"self":[{"href":"https:\/\/traktolamp.com\/en\/wp-json\/wp\/v2\/product\/382","targetHints":{"allow":["GET"]}}],"collection":[{"href":"https:\/\/traktolamp.com\/en\/wp-json\/wp\/v2\/product"}],"about":[{"href":"https:\/\/traktolamp.com\/en\/wp-json\/wp\/v2\/types\/product"}],"replies":[{"embeddable":true,"href":"https:\/\/traktolamp.com\/en\/wp-json\/wp\/v2\/comments?post=382"}],"wp:featuredmedia":[{"embeddable":true,"href":"https:\/\/traktolamp.com\/en\/wp-json\/wp\/v2\/media\/419"}],"wp:attachment":[{"href":"https:\/\/traktolamp.com\/en\/wp-json\/wp\/v2\/media?parent=382"}],"wp:term":[{"taxonomy":"product_brand","embeddable":true,"href":"https:\/\/traktolamp.com\/en\/wp-json\/wp\/v2\/product_brand?post=382"},{"taxonomy":"product_cat","embeddable":true,"href":"https:\/\/traktolamp.com\/en\/wp-json\/wp\/v2\/product_cat?post=382"},{"taxonomy":"product_tag","embeddable":true,"href":"https:\/\/traktolamp.com\/en\/wp-json\/wp\/v2\/product_tag?post=382"}],"curies":[{"name":"wp","href":"https:\/\/api.w.org\/{rel}","templated":true}]}}