{"id":431,"date":"2024-08-16T22:06:54","date_gmt":"2024-08-16T22:06:54","guid":{"rendered":"https:\/\/traktolamp.com\/?post_type=product&#038;p=431"},"modified":"2024-08-16T22:27:50","modified_gmt":"2024-08-16T22:27:50","slug":"luz-de-4-10-led-rafaga-sellada-base-plana-8028-12-24","status":"publish","type":"product","link":"https:\/\/traktolamp.com\/en\/producto\/luz-de-4-10-led-rafaga-sellada-base-plana-8028-12-24\/","title":{"rendered":"Luz de 4&#8243; 10 LED R\u00e1faga Sellada, base plana. 8028 12\/24"},"content":{"rendered":"<p><strong>C\u00d3DIGOS:<\/strong><br \/><strong>8028R <\/strong>(ROJA), <strong>8028A <\/strong>(AMBAR), <strong>8028C<\/strong> (CRISTAL)<\/p>\n","protected":false},"excerpt":{"rendered":"<p><strong>Material:<\/strong> Base de ABS de alto impacto blanca. Lente Acr\u00edlico rojo \u00f3 \u00e1mbar. Incluye conector.<br \/><strong>Funci\u00f3n:<\/strong> Luz de Stop, direccional y circulaci\u00f3n.<br \/>Grommet: <strong>7083<\/strong><br \/>Conector No. <strong>7794<\/strong><\/p>\n","protected":false},"featured_media":434,"comment_status":"closed","ping_status":"closed","template":"","meta":[],"product_brand":[],"product_cat":[18],"product_tag":[],"class_list":{"0":"post-431","1":"product","2":"type-product","3":"status-publish","4":"has-post-thumbnail","6":"product_cat-stop-direccional-y-circulacion","8":"first","9":"onbackorder","10":"shipping-taxable","11":"product-type-simple"},"_links":{"self":[{"href":"https:\/\/traktolamp.com\/en\/wp-json\/wp\/v2\/product\/431","targetHints":{"allow":["GET"]}}],"collection":[{"href":"https:\/\/traktolamp.com\/en\/wp-json\/wp\/v2\/product"}],"about":[{"href":"https:\/\/traktolamp.com\/en\/wp-json\/wp\/v2\/types\/product"}],"replies":[{"embeddable":true,"href":"https:\/\/traktolamp.com\/en\/wp-json\/wp\/v2\/comments?post=431"}],"wp:featuredmedia":[{"embeddable":true,"href":"https:\/\/traktolamp.com\/en\/wp-json\/wp\/v2\/media\/434"}],"wp:attachment":[{"href":"https:\/\/traktolamp.com\/en\/wp-json\/wp\/v2\/media?parent=431"}],"wp:term":[{"taxonomy":"product_brand","embeddable":true,"href":"https:\/\/traktolamp.com\/en\/wp-json\/wp\/v2\/product_brand?post=431"},{"taxonomy":"product_cat","embeddable":true,"href":"https:\/\/traktolamp.com\/en\/wp-json\/wp\/v2\/product_cat?post=431"},{"taxonomy":"product_tag","embeddable":true,"href":"https:\/\/traktolamp.com\/en\/wp-json\/wp\/v2\/product_tag?post=431"}],"curies":[{"name":"wp","href":"https:\/\/api.w.org\/{rel}","templated":true}]}}