{"id":462,"date":"2024-08-16T22:59:43","date_gmt":"2024-08-16T22:59:43","guid":{"rendered":"https:\/\/traktolamp.com\/?post_type=product&#038;p=462"},"modified":"2024-08-16T23:02:16","modified_gmt":"2024-08-16T23:02:16","slug":"luz-ovalada-sellada-incandescente-con-grommet-2250-2-12v","status":"publish","type":"product","link":"https:\/\/traktolamp.com\/en\/producto\/luz-ovalada-sellada-incandescente-con-grommet-2250-2-12v\/","title":{"rendered":"Luz Ovalada Sellada Incandescente, con Grommet. 2250-2 12V"},"content":{"rendered":"<p><strong>C\u00d3DIGOS:<\/strong><br \/><strong>2250-2R <\/strong>(ROJA), <strong>2250-2A <\/strong>(AMBAR) y <strong>2250-2C<\/strong> (CRISTAL).<\/p>\n<p><\/p>\n","protected":false},"excerpt":{"rendered":"<p><strong>Material: <\/strong>Base de ABS de alto impacto blanco. Lente Acr\u00edlico rojo, \u00e1mbar \u00f3 cristal. Grommet de PVC.<br \/><strong>Fuente de luz: <\/strong>Foco.<br \/><strong>Funci\u00f3n: <\/strong>Luz de Stop, direccional y circulaci\u00f3n.<br \/>*Sistema antivibraci\u00f3n para mayor vida \u00fatil del foco o bombillo.<br \/>Grommet: <strong>7800<\/strong><br \/>Conector: <strong>7794<\/strong><\/p>\n","protected":false},"featured_media":467,"comment_status":"closed","ping_status":"closed","template":"","meta":[],"product_brand":[],"product_cat":[18],"product_tag":[24],"class_list":{"0":"post-462","1":"product","2":"type-product","3":"status-publish","4":"has-post-thumbnail","6":"product_cat-stop-direccional-y-circulacion","7":"product_tag-luces-incandecentes","9":"first","10":"onbackorder","11":"shipping-taxable","12":"product-type-simple"},"_links":{"self":[{"href":"https:\/\/traktolamp.com\/en\/wp-json\/wp\/v2\/product\/462","targetHints":{"allow":["GET"]}}],"collection":[{"href":"https:\/\/traktolamp.com\/en\/wp-json\/wp\/v2\/product"}],"about":[{"href":"https:\/\/traktolamp.com\/en\/wp-json\/wp\/v2\/types\/product"}],"replies":[{"embeddable":true,"href":"https:\/\/traktolamp.com\/en\/wp-json\/wp\/v2\/comments?post=462"}],"wp:featuredmedia":[{"embeddable":true,"href":"https:\/\/traktolamp.com\/en\/wp-json\/wp\/v2\/media\/467"}],"wp:attachment":[{"href":"https:\/\/traktolamp.com\/en\/wp-json\/wp\/v2\/media?parent=462"}],"wp:term":[{"taxonomy":"product_brand","embeddable":true,"href":"https:\/\/traktolamp.com\/en\/wp-json\/wp\/v2\/product_brand?post=462"},{"taxonomy":"product_cat","embeddable":true,"href":"https:\/\/traktolamp.com\/en\/wp-json\/wp\/v2\/product_cat?post=462"},{"taxonomy":"product_tag","embeddable":true,"href":"https:\/\/traktolamp.com\/en\/wp-json\/wp\/v2\/product_tag?post=462"}],"curies":[{"name":"wp","href":"https:\/\/api.w.org\/{rel}","templated":true}]}}