{"id":500,"date":"2024-08-16T23:16:18","date_gmt":"2024-08-16T23:16:18","guid":{"rendered":"https:\/\/traktolamp.com\/?post_type=product&#038;p=500"},"modified":"2024-08-16T23:18:16","modified_gmt":"2024-08-16T23:18:16","slug":"luz-de-4-10-led-sellada-con-arillo-cromado-8000c-12-24","status":"publish","type":"product","link":"https:\/\/traktolamp.com\/en\/producto\/luz-de-4-10-led-sellada-con-arillo-cromado-8000c-12-24\/","title":{"rendered":"Luz de 4&#8243; 10 LED Sellada, con Arillo Cromado. 8000C 12\/24"},"content":{"rendered":"<p>C\u00d3DIGOS:<\/p>\n<p>8000CR (ROJA), 8000CA (AMBAR) y 8000CC (CRISTAL)<\/p>\n","protected":false},"excerpt":{"rendered":"<p><strong>Material: Base de ABS de alto impacto blanco. Lente Acr\u00edlico rojo, \u00e1mbar \u00f3 cristal. Arillo de ABS cromado.<\/strong><br \/><strong>Funci\u00f3n: Luz de Stop, direccional y circulaci\u00f3n.<\/strong><br \/>Conector: <strong>7794<\/strong><\/p>\n","protected":false},"featured_media":503,"comment_status":"closed","ping_status":"closed","template":"","meta":[],"product_brand":[],"product_cat":[18],"product_tag":[],"class_list":{"0":"post-500","1":"product","2":"type-product","3":"status-publish","4":"has-post-thumbnail","6":"product_cat-stop-direccional-y-circulacion","8":"first","9":"onbackorder","10":"shipping-taxable","11":"product-type-simple"},"_links":{"self":[{"href":"https:\/\/traktolamp.com\/en\/wp-json\/wp\/v2\/product\/500","targetHints":{"allow":["GET"]}}],"collection":[{"href":"https:\/\/traktolamp.com\/en\/wp-json\/wp\/v2\/product"}],"about":[{"href":"https:\/\/traktolamp.com\/en\/wp-json\/wp\/v2\/types\/product"}],"replies":[{"embeddable":true,"href":"https:\/\/traktolamp.com\/en\/wp-json\/wp\/v2\/comments?post=500"}],"wp:featuredmedia":[{"embeddable":true,"href":"https:\/\/traktolamp.com\/en\/wp-json\/wp\/v2\/media\/503"}],"wp:attachment":[{"href":"https:\/\/traktolamp.com\/en\/wp-json\/wp\/v2\/media?parent=500"}],"wp:term":[{"taxonomy":"product_brand","embeddable":true,"href":"https:\/\/traktolamp.com\/en\/wp-json\/wp\/v2\/product_brand?post=500"},{"taxonomy":"product_cat","embeddable":true,"href":"https:\/\/traktolamp.com\/en\/wp-json\/wp\/v2\/product_cat?post=500"},{"taxonomy":"product_tag","embeddable":true,"href":"https:\/\/traktolamp.com\/en\/wp-json\/wp\/v2\/product_tag?post=500"}],"curies":[{"name":"wp","href":"https:\/\/api.w.org\/{rel}","templated":true}]}}