{"id":541,"date":"2024-08-23T17:05:23","date_gmt":"2024-08-23T17:05:23","guid":{"rendered":"https:\/\/traktolamp.com\/?post_type=product&#038;p=541"},"modified":"2024-08-23T17:07:39","modified_gmt":"2024-08-23T17:07:39","slug":"luz-de-4-10-led-sellada-base-plana-conector-ovalado-de-3-pines-8099-12-24","status":"publish","type":"product","link":"https:\/\/traktolamp.com\/en\/producto\/luz-de-4-10-led-sellada-base-plana-conector-ovalado-de-3-pines-8099-12-24\/","title":{"rendered":"Luz de 4&#8243; 10 LED sellada, base plana, conector ovalado de 3 pines. 8099 12\/24"},"content":{"rendered":"<p><strong>8099R <\/strong>(ROJA), <strong>8099A <\/strong>(AMBAR) y <strong>8099C<\/strong> (CRISTAL)<\/p>\n","protected":false},"excerpt":{"rendered":"<p><strong>Material: <\/strong>Base de ABS de alto impacto blanco. Lente Acr\u00edlico rojo, \u00e1mbar \u00f3 cristal. Arillo de ABS color gris.<br \/><strong>Funci\u00f3n: <\/strong>Luz de Stop, direccional y circulaci\u00f3n.<br \/>Conector No. <strong>7785<\/strong><\/p>\n","protected":false},"featured_media":546,"comment_status":"closed","ping_status":"closed","template":"","meta":[],"product_brand":[],"product_cat":[18],"product_tag":[],"class_list":{"0":"post-541","1":"product","2":"type-product","3":"status-publish","4":"has-post-thumbnail","6":"product_cat-stop-direccional-y-circulacion","8":"first","9":"onbackorder","10":"shipping-taxable","11":"product-type-simple"},"_links":{"self":[{"href":"https:\/\/traktolamp.com\/en\/wp-json\/wp\/v2\/product\/541","targetHints":{"allow":["GET"]}}],"collection":[{"href":"https:\/\/traktolamp.com\/en\/wp-json\/wp\/v2\/product"}],"about":[{"href":"https:\/\/traktolamp.com\/en\/wp-json\/wp\/v2\/types\/product"}],"replies":[{"embeddable":true,"href":"https:\/\/traktolamp.com\/en\/wp-json\/wp\/v2\/comments?post=541"}],"wp:featuredmedia":[{"embeddable":true,"href":"https:\/\/traktolamp.com\/en\/wp-json\/wp\/v2\/media\/546"}],"wp:attachment":[{"href":"https:\/\/traktolamp.com\/en\/wp-json\/wp\/v2\/media?parent=541"}],"wp:term":[{"taxonomy":"product_brand","embeddable":true,"href":"https:\/\/traktolamp.com\/en\/wp-json\/wp\/v2\/product_brand?post=541"},{"taxonomy":"product_cat","embeddable":true,"href":"https:\/\/traktolamp.com\/en\/wp-json\/wp\/v2\/product_cat?post=541"},{"taxonomy":"product_tag","embeddable":true,"href":"https:\/\/traktolamp.com\/en\/wp-json\/wp\/v2\/product_tag?post=541"}],"curies":[{"name":"wp","href":"https:\/\/api.w.org\/{rel}","templated":true}]}}