{"id":552,"date":"2024-08-23T17:11:41","date_gmt":"2024-08-23T17:11:41","guid":{"rendered":"https:\/\/traktolamp.com\/?post_type=product&#038;p=552"},"modified":"2024-08-23T17:14:19","modified_gmt":"2024-08-23T17:14:19","slug":"luz-de-4-10-led-base-de-sobreponer-cromada-8096c-12-24","status":"publish","type":"product","link":"https:\/\/traktolamp.com\/en\/producto\/luz-de-4-10-led-base-de-sobreponer-cromada-8096c-12-24\/","title":{"rendered":"Luz de 4&#8243; 10 LED, base de sobreponer cromada. 8096C 12\/24"},"content":{"rendered":"<p><strong>8096CR <\/strong>(ROJA), <strong>8096CA <\/strong>(AMBAR) y <strong>8096CC<\/strong> (CRISTAL)<\/p>\n","protected":false},"excerpt":{"rendered":"<p><strong>Material:<\/strong> Base de ABS de alto impacto cromada. Lente Acr\u00edlico rojo, \u00e1mbar \u00f3 cristal.<br \/><strong>Funci\u00f3n:<\/strong> Luz de Stop, direccional y circulaci\u00f3n.<\/p>\n","protected":false},"featured_media":557,"comment_status":"closed","ping_status":"closed","template":"","meta":[],"product_brand":[],"product_cat":[18],"product_tag":[],"class_list":{"0":"post-552","1":"product","2":"type-product","3":"status-publish","4":"has-post-thumbnail","6":"product_cat-stop-direccional-y-circulacion","8":"first","9":"onbackorder","10":"shipping-taxable","11":"product-type-simple"},"_links":{"self":[{"href":"https:\/\/traktolamp.com\/en\/wp-json\/wp\/v2\/product\/552","targetHints":{"allow":["GET"]}}],"collection":[{"href":"https:\/\/traktolamp.com\/en\/wp-json\/wp\/v2\/product"}],"about":[{"href":"https:\/\/traktolamp.com\/en\/wp-json\/wp\/v2\/types\/product"}],"replies":[{"embeddable":true,"href":"https:\/\/traktolamp.com\/en\/wp-json\/wp\/v2\/comments?post=552"}],"wp:featuredmedia":[{"embeddable":true,"href":"https:\/\/traktolamp.com\/en\/wp-json\/wp\/v2\/media\/557"}],"wp:attachment":[{"href":"https:\/\/traktolamp.com\/en\/wp-json\/wp\/v2\/media?parent=552"}],"wp:term":[{"taxonomy":"product_brand","embeddable":true,"href":"https:\/\/traktolamp.com\/en\/wp-json\/wp\/v2\/product_brand?post=552"},{"taxonomy":"product_cat","embeddable":true,"href":"https:\/\/traktolamp.com\/en\/wp-json\/wp\/v2\/product_cat?post=552"},{"taxonomy":"product_tag","embeddable":true,"href":"https:\/\/traktolamp.com\/en\/wp-json\/wp\/v2\/product_tag?post=552"}],"curies":[{"name":"wp","href":"https:\/\/api.w.org\/{rel}","templated":true}]}}