{"id":576,"date":"2024-08-23T17:26:26","date_gmt":"2024-08-23T17:26:26","guid":{"rendered":"https:\/\/traktolamp.com\/?post_type=product&#038;p=576"},"modified":"2024-08-23T17:28:55","modified_gmt":"2024-08-23T17:28:55","slug":"luz-de-4-sellada-5-led-con-base-plana-y-grommet-8020-12-24","status":"publish","type":"product","link":"https:\/\/traktolamp.com\/en\/producto\/luz-de-4-sellada-5-led-con-base-plana-y-grommet-8020-12-24\/","title":{"rendered":"Luz de 4\u201d sellada, 5 LED con Base Plana y Grommet. 8020 12\/24"},"content":{"rendered":"<p><strong>8020R <\/strong>(ROJA), <strong>8020A <\/strong>(AMBAR) y <strong>8020C<\/strong> (CRISTAL)<\/p>\n","protected":false},"excerpt":{"rendered":"<p><strong>Material:<\/strong> Base de ABS de alto impacto blanco. Lente Acr\u00edlico rojo, \u00e1mbar \u00f3 cristal.<br \/>Con Grommet de PVC color negro.<br \/><strong>Funci\u00f3n:<\/strong> Luz de Stop, direccional y circulaci\u00f3n.<br \/>Grommet: <strong>7083<\/strong><br \/>Conector No. <strong>7084N<\/strong><\/p>\n","protected":false},"featured_media":581,"comment_status":"closed","ping_status":"closed","template":"","meta":[],"product_brand":[],"product_cat":[18],"product_tag":[],"class_list":{"0":"post-576","1":"product","2":"type-product","3":"status-publish","4":"has-post-thumbnail","6":"product_cat-stop-direccional-y-circulacion","8":"first","9":"onbackorder","10":"shipping-taxable","11":"product-type-simple"},"_links":{"self":[{"href":"https:\/\/traktolamp.com\/en\/wp-json\/wp\/v2\/product\/576","targetHints":{"allow":["GET"]}}],"collection":[{"href":"https:\/\/traktolamp.com\/en\/wp-json\/wp\/v2\/product"}],"about":[{"href":"https:\/\/traktolamp.com\/en\/wp-json\/wp\/v2\/types\/product"}],"replies":[{"embeddable":true,"href":"https:\/\/traktolamp.com\/en\/wp-json\/wp\/v2\/comments?post=576"}],"wp:featuredmedia":[{"embeddable":true,"href":"https:\/\/traktolamp.com\/en\/wp-json\/wp\/v2\/media\/581"}],"wp:attachment":[{"href":"https:\/\/traktolamp.com\/en\/wp-json\/wp\/v2\/media?parent=576"}],"wp:term":[{"taxonomy":"product_brand","embeddable":true,"href":"https:\/\/traktolamp.com\/en\/wp-json\/wp\/v2\/product_brand?post=576"},{"taxonomy":"product_cat","embeddable":true,"href":"https:\/\/traktolamp.com\/en\/wp-json\/wp\/v2\/product_cat?post=576"},{"taxonomy":"product_tag","embeddable":true,"href":"https:\/\/traktolamp.com\/en\/wp-json\/wp\/v2\/product_tag?post=576"}],"curies":[{"name":"wp","href":"https:\/\/api.w.org\/{rel}","templated":true}]}}