{"id":627,"date":"2024-08-23T17:54:37","date_gmt":"2024-08-23T17:54:37","guid":{"rendered":"https:\/\/traktolamp.com\/?post_type=product&#038;p=627"},"modified":"2024-08-23T17:57:34","modified_gmt":"2024-08-23T17:57:34","slug":"luz-de-4-32-led-rafaga-sellada-8071er-12-24","status":"publish","type":"product","link":"https:\/\/traktolamp.com\/en\/producto\/luz-de-4-32-led-rafaga-sellada-8071er-12-24\/","title":{"rendered":"Luz de 4&#8243; 32 LED r\u00e1faga sellada. 8071ER 12\/24"},"content":{"rendered":"<p><strong>8071ERR <\/strong>(ROJA), <strong>8042ERA <\/strong>(AMBAR) y <strong>8042ERC<\/strong> (CRISTAL)<\/p>\n","protected":false},"excerpt":{"rendered":"<p><strong>Material: Base de ABS de alto impacto negro. Lente Acr\u00edlico rojo, \u00e1mbar \u00f3 cristal. Grommet de PVC.<\/strong><br \/><strong>Funci\u00f3n: Luz de Stop, direccional y circulaci\u00f3n.<\/strong><br \/>Grommet: <strong>7083<\/strong><br \/>Conector: <strong>7084N<\/strong><\/p>\n","protected":false},"featured_media":632,"comment_status":"closed","ping_status":"closed","template":"","meta":[],"product_brand":[],"product_cat":[18],"product_tag":[],"class_list":{"0":"post-627","1":"product","2":"type-product","3":"status-publish","4":"has-post-thumbnail","6":"product_cat-stop-direccional-y-circulacion","8":"first","9":"onbackorder","10":"shipping-taxable","11":"product-type-simple"},"_links":{"self":[{"href":"https:\/\/traktolamp.com\/en\/wp-json\/wp\/v2\/product\/627","targetHints":{"allow":["GET"]}}],"collection":[{"href":"https:\/\/traktolamp.com\/en\/wp-json\/wp\/v2\/product"}],"about":[{"href":"https:\/\/traktolamp.com\/en\/wp-json\/wp\/v2\/types\/product"}],"replies":[{"embeddable":true,"href":"https:\/\/traktolamp.com\/en\/wp-json\/wp\/v2\/comments?post=627"}],"wp:featuredmedia":[{"embeddable":true,"href":"https:\/\/traktolamp.com\/en\/wp-json\/wp\/v2\/media\/632"}],"wp:attachment":[{"href":"https:\/\/traktolamp.com\/en\/wp-json\/wp\/v2\/media?parent=627"}],"wp:term":[{"taxonomy":"product_brand","embeddable":true,"href":"https:\/\/traktolamp.com\/en\/wp-json\/wp\/v2\/product_brand?post=627"},{"taxonomy":"product_cat","embeddable":true,"href":"https:\/\/traktolamp.com\/en\/wp-json\/wp\/v2\/product_cat?post=627"},{"taxonomy":"product_tag","embeddable":true,"href":"https:\/\/traktolamp.com\/en\/wp-json\/wp\/v2\/product_tag?post=627"}],"curies":[{"name":"wp","href":"https:\/\/api.w.org\/{rel}","templated":true}]}}