{"id":666,"date":"2024-08-23T18:14:07","date_gmt":"2024-08-23T18:14:07","guid":{"rendered":"https:\/\/traktolamp.com\/?post_type=product&#038;p=666"},"modified":"2024-08-23T18:16:30","modified_gmt":"2024-08-23T18:16:30","slug":"luz-ovalada-de-10-led-rafaga-con-grommet-8045d-12-24","status":"publish","type":"product","link":"https:\/\/traktolamp.com\/en\/producto\/luz-ovalada-de-10-led-rafaga-con-grommet-8045d-12-24\/","title":{"rendered":"Luz Ovalada de 10 LED R\u00e1faga, con Grommet. 8045D 12\/24"},"content":{"rendered":"<p><strong>8045DR <\/strong>(Roja), <strong>8045DA <\/strong>(\u00c1mbar)<strong> y 8045DC <\/strong>(Cristal).<\/p>\n","protected":false},"excerpt":{"rendered":"<p><strong>Material: <\/strong>Base de ABS de alto impacto blanco. Lente Acr\u00edlico rojo, \u00e1mbar \u00f3 cristal. Grommet de PVC.<br \/><strong>Funci\u00f3n<\/strong>: Luz de Stop, direccional y circulaci\u00f3n.<br \/>Grommet: 7800<br \/>Conector: <strong>7794<\/strong><\/p>\n","protected":false},"featured_media":671,"comment_status":"closed","ping_status":"closed","template":"","meta":[],"product_brand":[],"product_cat":[18],"product_tag":[],"class_list":{"0":"post-666","1":"product","2":"type-product","3":"status-publish","4":"has-post-thumbnail","6":"product_cat-stop-direccional-y-circulacion","8":"first","9":"onbackorder","10":"shipping-taxable","11":"product-type-simple"},"_links":{"self":[{"href":"https:\/\/traktolamp.com\/en\/wp-json\/wp\/v2\/product\/666","targetHints":{"allow":["GET"]}}],"collection":[{"href":"https:\/\/traktolamp.com\/en\/wp-json\/wp\/v2\/product"}],"about":[{"href":"https:\/\/traktolamp.com\/en\/wp-json\/wp\/v2\/types\/product"}],"replies":[{"embeddable":true,"href":"https:\/\/traktolamp.com\/en\/wp-json\/wp\/v2\/comments?post=666"}],"wp:featuredmedia":[{"embeddable":true,"href":"https:\/\/traktolamp.com\/en\/wp-json\/wp\/v2\/media\/671"}],"wp:attachment":[{"href":"https:\/\/traktolamp.com\/en\/wp-json\/wp\/v2\/media?parent=666"}],"wp:term":[{"taxonomy":"product_brand","embeddable":true,"href":"https:\/\/traktolamp.com\/en\/wp-json\/wp\/v2\/product_brand?post=666"},{"taxonomy":"product_cat","embeddable":true,"href":"https:\/\/traktolamp.com\/en\/wp-json\/wp\/v2\/product_cat?post=666"},{"taxonomy":"product_tag","embeddable":true,"href":"https:\/\/traktolamp.com\/en\/wp-json\/wp\/v2\/product_tag?post=666"}],"curies":[{"name":"wp","href":"https:\/\/api.w.org\/{rel}","templated":true}]}}