{"id":684,"date":"2024-08-23T18:22:01","date_gmt":"2024-08-23T18:22:01","guid":{"rendered":"https:\/\/traktolamp.com\/?post_type=product&#038;p=684"},"modified":"2024-08-23T18:23:36","modified_gmt":"2024-08-23T18:23:36","slug":"luz-ovalada-de-10-led-bisel-cromado-base-plana-de-sobreponer-8107c-12-24","status":"publish","type":"product","link":"https:\/\/traktolamp.com\/en\/producto\/luz-ovalada-de-10-led-bisel-cromado-base-plana-de-sobreponer-8107c-12-24\/","title":{"rendered":"Luz Ovalada de 10 LED, bisel Cromado, Base plana de Sobreponer. 8107C 12\/24"},"content":{"rendered":"<p><strong>8107CR <\/strong>(Roja), <strong>8107CA <\/strong>(\u00c1mbar)<strong> y 8107CC <\/strong>(Cristal).<\/p>\n","protected":false},"excerpt":{"rendered":"<p><strong>Material: <\/strong>Base de ABS de alto impacto negro. Lente Acr\u00edlico rojo, \u00e1mbar \u00f3 cristal. Arillo de ABS cromado.<br \/><strong>Funci\u00f3n: <\/strong>Luz de Stop, direccional y circulaci\u00f3n.<\/p>\n","protected":false},"featured_media":688,"comment_status":"closed","ping_status":"closed","template":"","meta":[],"product_brand":[],"product_cat":[18],"product_tag":[],"class_list":{"0":"post-684","1":"product","2":"type-product","3":"status-publish","4":"has-post-thumbnail","6":"product_cat-stop-direccional-y-circulacion","8":"first","9":"onbackorder","10":"shipping-taxable","11":"product-type-simple"},"_links":{"self":[{"href":"https:\/\/traktolamp.com\/en\/wp-json\/wp\/v2\/product\/684","targetHints":{"allow":["GET"]}}],"collection":[{"href":"https:\/\/traktolamp.com\/en\/wp-json\/wp\/v2\/product"}],"about":[{"href":"https:\/\/traktolamp.com\/en\/wp-json\/wp\/v2\/types\/product"}],"replies":[{"embeddable":true,"href":"https:\/\/traktolamp.com\/en\/wp-json\/wp\/v2\/comments?post=684"}],"wp:featuredmedia":[{"embeddable":true,"href":"https:\/\/traktolamp.com\/en\/wp-json\/wp\/v2\/media\/688"}],"wp:attachment":[{"href":"https:\/\/traktolamp.com\/en\/wp-json\/wp\/v2\/media?parent=684"}],"wp:term":[{"taxonomy":"product_brand","embeddable":true,"href":"https:\/\/traktolamp.com\/en\/wp-json\/wp\/v2\/product_brand?post=684"},{"taxonomy":"product_cat","embeddable":true,"href":"https:\/\/traktolamp.com\/en\/wp-json\/wp\/v2\/product_cat?post=684"},{"taxonomy":"product_tag","embeddable":true,"href":"https:\/\/traktolamp.com\/en\/wp-json\/wp\/v2\/product_tag?post=684"}],"curies":[{"name":"wp","href":"https:\/\/api.w.org\/{rel}","templated":true}]}}