{"id":706,"date":"2024-08-23T18:31:28","date_gmt":"2024-08-23T18:31:28","guid":{"rendered":"https:\/\/traktolamp.com\/?post_type=product&#038;p=706"},"modified":"2024-08-23T18:33:27","modified_gmt":"2024-08-23T18:33:27","slug":"luz-de-4-20-led-arillo-cromado-base-plana-8041ce-12-24","status":"publish","type":"product","link":"https:\/\/traktolamp.com\/en\/producto\/luz-de-4-20-led-arillo-cromado-base-plana-8041ce-12-24\/","title":{"rendered":"Luz de 4&#8243; 20 LED, Arillo cromado, Base plana. 8041CE 12\/24"},"content":{"rendered":"<p><strong>8041CER <\/strong>(Roja), <strong>8041CEA <\/strong>(\u00c1mbar)<strong> y 8041CEC <\/strong>(Cristal).<\/p>\n","protected":false},"excerpt":{"rendered":"<p><strong>Material: <\/strong>Base de ABS de alto impacto blanco. Lente Acr\u00edlico rojo, \u00e1mbar \u00f3 cristal. Arillo de ABS Cromado.<br \/><strong>Funci\u00f3n: <\/strong>Luz de Stop, direccional y circulaci\u00f3n.<\/p>\n","protected":false},"featured_media":709,"comment_status":"closed","ping_status":"closed","template":"","meta":[],"product_brand":[],"product_cat":[18],"product_tag":[],"class_list":{"0":"post-706","1":"product","2":"type-product","3":"status-publish","4":"has-post-thumbnail","6":"product_cat-stop-direccional-y-circulacion","8":"first","9":"onbackorder","10":"shipping-taxable","11":"product-type-simple"},"_links":{"self":[{"href":"https:\/\/traktolamp.com\/en\/wp-json\/wp\/v2\/product\/706","targetHints":{"allow":["GET"]}}],"collection":[{"href":"https:\/\/traktolamp.com\/en\/wp-json\/wp\/v2\/product"}],"about":[{"href":"https:\/\/traktolamp.com\/en\/wp-json\/wp\/v2\/types\/product"}],"replies":[{"embeddable":true,"href":"https:\/\/traktolamp.com\/en\/wp-json\/wp\/v2\/comments?post=706"}],"wp:featuredmedia":[{"embeddable":true,"href":"https:\/\/traktolamp.com\/en\/wp-json\/wp\/v2\/media\/709"}],"wp:attachment":[{"href":"https:\/\/traktolamp.com\/en\/wp-json\/wp\/v2\/media?parent=706"}],"wp:term":[{"taxonomy":"product_brand","embeddable":true,"href":"https:\/\/traktolamp.com\/en\/wp-json\/wp\/v2\/product_brand?post=706"},{"taxonomy":"product_cat","embeddable":true,"href":"https:\/\/traktolamp.com\/en\/wp-json\/wp\/v2\/product_cat?post=706"},{"taxonomy":"product_tag","embeddable":true,"href":"https:\/\/traktolamp.com\/en\/wp-json\/wp\/v2\/product_tag?post=706"}],"curies":[{"name":"wp","href":"https:\/\/api.w.org\/{rel}","templated":true}]}}