{"id":718,"date":"2024-08-23T18:36:20","date_gmt":"2024-08-23T18:36:20","guid":{"rendered":"https:\/\/traktolamp.com\/?post_type=product&#038;p=718"},"modified":"2024-08-23T18:39:19","modified_gmt":"2024-08-23T18:39:19","slug":"luz-ovalada-20-led-arillo-negro-base-plana-8041e-12-24","status":"publish","type":"product","link":"https:\/\/traktolamp.com\/en\/producto\/luz-ovalada-20-led-arillo-negro-base-plana-8041e-12-24\/","title":{"rendered":"Luz Ovalada 20 LED, Arillo negro, Base plana. 8041E 12\/24"},"content":{"rendered":"<p><strong>8041ER <\/strong>(Roja), <strong>8041EA <\/strong>(\u00c1mbar)<strong> y 8041EC <\/strong>(Cristal).<\/p>\n","protected":false},"excerpt":{"rendered":"<p><strong>Material: <\/strong>Material: Base de ABS de alto impacto blanco. Lente Acr\u00edlico rojo, \u00e1mbar \u00f3 cristal. Grommet de PVC.<br \/><strong>Funci\u00f3n:<\/strong> Luz de Stop, direccional y circulaci\u00f3n.<\/p>\n","protected":false},"featured_media":723,"comment_status":"closed","ping_status":"closed","template":"","meta":[],"product_brand":[],"product_cat":[18],"product_tag":[],"class_list":{"0":"post-718","1":"product","2":"type-product","3":"status-publish","4":"has-post-thumbnail","6":"product_cat-stop-direccional-y-circulacion","8":"first","9":"onbackorder","10":"shipping-taxable","11":"product-type-simple"},"_links":{"self":[{"href":"https:\/\/traktolamp.com\/en\/wp-json\/wp\/v2\/product\/718","targetHints":{"allow":["GET"]}}],"collection":[{"href":"https:\/\/traktolamp.com\/en\/wp-json\/wp\/v2\/product"}],"about":[{"href":"https:\/\/traktolamp.com\/en\/wp-json\/wp\/v2\/types\/product"}],"replies":[{"embeddable":true,"href":"https:\/\/traktolamp.com\/en\/wp-json\/wp\/v2\/comments?post=718"}],"wp:featuredmedia":[{"embeddable":true,"href":"https:\/\/traktolamp.com\/en\/wp-json\/wp\/v2\/media\/723"}],"wp:attachment":[{"href":"https:\/\/traktolamp.com\/en\/wp-json\/wp\/v2\/media?parent=718"}],"wp:term":[{"taxonomy":"product_brand","embeddable":true,"href":"https:\/\/traktolamp.com\/en\/wp-json\/wp\/v2\/product_brand?post=718"},{"taxonomy":"product_cat","embeddable":true,"href":"https:\/\/traktolamp.com\/en\/wp-json\/wp\/v2\/product_cat?post=718"},{"taxonomy":"product_tag","embeddable":true,"href":"https:\/\/traktolamp.com\/en\/wp-json\/wp\/v2\/product_tag?post=718"}],"curies":[{"name":"wp","href":"https:\/\/api.w.org\/{rel}","templated":true}]}}