{"id":863,"date":"2024-08-23T23:11:09","date_gmt":"2024-08-23T23:11:09","guid":{"rendered":"https:\/\/traktolamp.com\/?post_type=product&#038;p=863"},"modified":"2024-08-23T23:13:10","modified_gmt":"2024-08-23T23:13:10","slug":"luz-de-2-3-led-c-arillo-negro-8022n-12-24","status":"publish","type":"product","link":"https:\/\/traktolamp.com\/en\/producto\/luz-de-2-3-led-c-arillo-negro-8022n-12-24\/","title":{"rendered":"Luz de 2&#8243;, 3 LED, c\/Arillo Negro. 8022N 12\/24"},"content":{"rendered":"<p><strong>8022NR <\/strong>(ROJA) y <strong>8022NA <\/strong>(AMBAR).<\/p>\n","protected":false},"excerpt":{"rendered":"<p><strong>Material: <\/strong>Base de ABS de alto impacto blanco. Lente Acr\u00edlico rojo \u00f3 \u00e1mbar. Arillo de ABS color gris \u00f3 negro.<br \/><strong>Funci\u00f3n: <\/strong>Luz delimitadora de espacio.<br \/>Conector No. <strong>7081<\/strong><\/p>\n","protected":false},"featured_media":867,"comment_status":"closed","ping_status":"closed","template":"","meta":[],"product_brand":[],"product_cat":[19],"product_tag":[],"class_list":{"0":"post-863","1":"product","2":"type-product","3":"status-publish","4":"has-post-thumbnail","6":"product_cat-delimitadoras-de-espacio","8":"first","9":"onbackorder","10":"shipping-taxable","11":"product-type-simple"},"_links":{"self":[{"href":"https:\/\/traktolamp.com\/en\/wp-json\/wp\/v2\/product\/863","targetHints":{"allow":["GET"]}}],"collection":[{"href":"https:\/\/traktolamp.com\/en\/wp-json\/wp\/v2\/product"}],"about":[{"href":"https:\/\/traktolamp.com\/en\/wp-json\/wp\/v2\/types\/product"}],"replies":[{"embeddable":true,"href":"https:\/\/traktolamp.com\/en\/wp-json\/wp\/v2\/comments?post=863"}],"wp:featuredmedia":[{"embeddable":true,"href":"https:\/\/traktolamp.com\/en\/wp-json\/wp\/v2\/media\/867"}],"wp:attachment":[{"href":"https:\/\/traktolamp.com\/en\/wp-json\/wp\/v2\/media?parent=863"}],"wp:term":[{"taxonomy":"product_brand","embeddable":true,"href":"https:\/\/traktolamp.com\/en\/wp-json\/wp\/v2\/product_brand?post=863"},{"taxonomy":"product_cat","embeddable":true,"href":"https:\/\/traktolamp.com\/en\/wp-json\/wp\/v2\/product_cat?post=863"},{"taxonomy":"product_tag","embeddable":true,"href":"https:\/\/traktolamp.com\/en\/wp-json\/wp\/v2\/product_tag?post=863"}],"curies":[{"name":"wp","href":"https:\/\/api.w.org\/{rel}","templated":true}]}}