{"id":915,"date":"2024-08-23T23:33:39","date_gmt":"2024-08-23T23:33:39","guid":{"rendered":"https:\/\/traktolamp.com\/?post_type=product&#038;p=915"},"modified":"2024-08-23T23:34:37","modified_gmt":"2024-08-23T23:34:37","slug":"luz-de-3-4-1-led-sellada-con-arillo-cromado-8061c-12-24","status":"publish","type":"product","link":"https:\/\/traktolamp.com\/en\/producto\/luz-de-3-4-1-led-sellada-con-arillo-cromado-8061c-12-24\/","title":{"rendered":"Luz de 3\/4&#8243; 1 LED sellada, con Arillo Cromado. 8061C 12\/24"},"content":{"rendered":"<p><strong>8061CR <\/strong>(ROJA), <strong>8061CA <\/strong>(AMBAR) y <strong>8061CC<\/strong> (CRISTAL).<\/p>\n","protected":false},"excerpt":{"rendered":"<p><strong>Material: <\/strong>Base de ABS de alto impacto blanco. Lente Acr\u00edlico rojo, \u00e1mbar \u00f3 cristal.<br \/>Grommet de PVC Cromado.<br \/><strong>Funci\u00f3n: <\/strong>Luz delimitadora de espacio.<\/p>\n","protected":false},"featured_media":916,"comment_status":"closed","ping_status":"closed","template":"","meta":[],"product_brand":[],"product_cat":[19],"product_tag":[],"class_list":{"0":"post-915","1":"product","2":"type-product","3":"status-publish","4":"has-post-thumbnail","6":"product_cat-delimitadoras-de-espacio","8":"first","9":"onbackorder","10":"shipping-taxable","11":"product-type-simple"},"_links":{"self":[{"href":"https:\/\/traktolamp.com\/en\/wp-json\/wp\/v2\/product\/915","targetHints":{"allow":["GET"]}}],"collection":[{"href":"https:\/\/traktolamp.com\/en\/wp-json\/wp\/v2\/product"}],"about":[{"href":"https:\/\/traktolamp.com\/en\/wp-json\/wp\/v2\/types\/product"}],"replies":[{"embeddable":true,"href":"https:\/\/traktolamp.com\/en\/wp-json\/wp\/v2\/comments?post=915"}],"wp:featuredmedia":[{"embeddable":true,"href":"https:\/\/traktolamp.com\/en\/wp-json\/wp\/v2\/media\/916"}],"wp:attachment":[{"href":"https:\/\/traktolamp.com\/en\/wp-json\/wp\/v2\/media?parent=915"}],"wp:term":[{"taxonomy":"product_brand","embeddable":true,"href":"https:\/\/traktolamp.com\/en\/wp-json\/wp\/v2\/product_brand?post=915"},{"taxonomy":"product_cat","embeddable":true,"href":"https:\/\/traktolamp.com\/en\/wp-json\/wp\/v2\/product_cat?post=915"},{"taxonomy":"product_tag","embeddable":true,"href":"https:\/\/traktolamp.com\/en\/wp-json\/wp\/v2\/product_tag?post=915"}],"curies":[{"name":"wp","href":"https:\/\/api.w.org\/{rel}","templated":true}]}}