{"id":930,"date":"2024-08-23T23:41:19","date_gmt":"2024-08-23T23:41:19","guid":{"rendered":"https:\/\/traktolamp.com\/?post_type=product&#038;p=930"},"modified":"2024-08-23T23:43:04","modified_gmt":"2024-08-23T23:43:04","slug":"luz-delimitadora-12-led-rafaga-conexion-directa-8087d-12-24","status":"publish","type":"product","link":"https:\/\/traktolamp.com\/en\/producto\/luz-delimitadora-12-led-rafaga-conexion-directa-8087d-12-24\/","title":{"rendered":"Luz delimitadora 12 LED R\u00e1faga, Conexi\u00f3n Directa. 8087D 12\/24"},"content":{"rendered":"<p><strong>8087DR <\/strong>(ROJA) y <strong>8087DA <\/strong>(AMBAR).<\/p>\n","protected":false},"excerpt":{"rendered":"<p><strong>Material: <\/strong>Base de ABS de alto impacto blanco. Lente Acr\u00edlico rojo, \u00e1mbar \u00f3 cristal.<br \/><strong>Funci\u00f3n: <\/strong>Luz delimitadora de espacio.<\/p>\n","protected":false},"featured_media":932,"comment_status":"closed","ping_status":"closed","template":"","meta":[],"product_brand":[],"product_cat":[19],"product_tag":[],"class_list":{"0":"post-930","1":"product","2":"type-product","3":"status-publish","4":"has-post-thumbnail","6":"product_cat-delimitadoras-de-espacio","8":"first","9":"onbackorder","10":"shipping-taxable","11":"product-type-simple"},"_links":{"self":[{"href":"https:\/\/traktolamp.com\/en\/wp-json\/wp\/v2\/product\/930","targetHints":{"allow":["GET"]}}],"collection":[{"href":"https:\/\/traktolamp.com\/en\/wp-json\/wp\/v2\/product"}],"about":[{"href":"https:\/\/traktolamp.com\/en\/wp-json\/wp\/v2\/types\/product"}],"replies":[{"embeddable":true,"href":"https:\/\/traktolamp.com\/en\/wp-json\/wp\/v2\/comments?post=930"}],"wp:featuredmedia":[{"embeddable":true,"href":"https:\/\/traktolamp.com\/en\/wp-json\/wp\/v2\/media\/932"}],"wp:attachment":[{"href":"https:\/\/traktolamp.com\/en\/wp-json\/wp\/v2\/media?parent=930"}],"wp:term":[{"taxonomy":"product_brand","embeddable":true,"href":"https:\/\/traktolamp.com\/en\/wp-json\/wp\/v2\/product_brand?post=930"},{"taxonomy":"product_cat","embeddable":true,"href":"https:\/\/traktolamp.com\/en\/wp-json\/wp\/v2\/product_cat?post=930"},{"taxonomy":"product_tag","embeddable":true,"href":"https:\/\/traktolamp.com\/en\/wp-json\/wp\/v2\/product_tag?post=930"}],"curies":[{"name":"wp","href":"https:\/\/api.w.org\/{rel}","templated":true}]}}